{"id":868,"date":"2024-12-09T14:55:00","date_gmt":"2024-12-09T14:55:00","guid":{"rendered":"https:\/\/cecisa.org.ar\/?page_id=868"},"modified":"2024-12-09T14:56:30","modified_gmt":"2024-12-09T14:56:30","slug":"politica-de-privacidad","status":"publish","type":"page","link":"https:\/\/cecisa.org.ar\/index.php\/politica-de-privacidad\/","title":{"rendered":"Pol\u00edtica de Privacidad"},"content":{"rendered":"\t\t<div data-elementor-type=\"wp-page\" data-elementor-id=\"868\" class=\"elementor elementor-868\" data-elementor-post-type=\"page\">\n\t\t\t\t<div class=\"elementor-element elementor-element-11ddaec e-con-full e-flex e-con e-parent\" data-id=\"11ddaec\" data-element_type=\"container\" data-e-type=\"container\" data-settings=\"{&quot;background_background&quot;:&quot;classic&quot;}\">\n\t\t<div class=\"elementor-element elementor-element-8bd20cf e-flex e-con-boxed e-con e-child\" data-id=\"8bd20cf\" data-element_type=\"container\" data-e-type=\"container\">\n\t\t\t\t\t<div class=\"e-con-inner\">\n\t\t<div class=\"elementor-element elementor-element-030de53 e-con-full e-flex e-con e-child\" data-id=\"030de53\" data-element_type=\"container\" data-e-type=\"container\">\n\t\t\t\t<div class=\"elementor-element elementor-element-d34980b elementor-widget elementor-widget-image\" data-id=\"d34980b\" data-element_type=\"widget\" data-e-type=\"widget\" data-widget_type=\"image.default\">\n\t\t\t\t\t\t\t\t\t\t\t\t\t\t\t<img decoding=\"async\" width=\"12\" height=\"58\" src=\"https:\/\/cecisa.org.ar\/wp-content\/uploads\/2024\/11\/DIVIDER.png\" class=\"attachment-large size-large wp-image-82\" alt=\"\" \/>\t\t\t\t\t\t\t\t\t\t\t\t\t\t\t<\/div>\n\t\t\t\t<div class=\"elementor-element elementor-element-f69bfe4 elementor-widget__width-initial elementor-widget elementor-widget-heading\" data-id=\"f69bfe4\" data-element_type=\"widget\" data-e-type=\"widget\" data-widget_type=\"heading.default\">\n\t\t\t\t\t<h2 class=\"elementor-heading-title elementor-size-default\">POL\u00cdTICA DE PRIVACIDAD<\/h2>\t\t\t\t<\/div>\n\t\t\t\t<div class=\"elementor-element elementor-element-700d46a elementor-widget__width-initial elementor-widget elementor-widget-heading\" data-id=\"700d46a\" data-element_type=\"widget\" data-e-type=\"widget\" data-widget_type=\"heading.default\">\n\t\t\t\t\t<h2 class=\"elementor-heading-title elementor-size-default\">CENTRO COMERCIAL, INDUSTRIAL, DE SERVICIO Y AGROPECUARIO<\/h2>\t\t\t\t<\/div>\n\t\t\t\t<\/div>\n\t\t<div class=\"elementor-element elementor-element-b68ae66 e-con-full e-flex e-con e-child\" data-id=\"b68ae66\" data-element_type=\"container\" data-e-type=\"container\">\n\t\t<div class=\"elementor-element elementor-element-60bb414 e-con-full e-flex e-con e-child\" data-id=\"60bb414\" data-element_type=\"container\" data-e-type=\"container\">\n\t\t\t\t<div class=\"elementor-element elementor-element-d9f0301 elementor-widget elementor-widget-heading\" data-id=\"d9f0301\" data-element_type=\"widget\" data-e-type=\"widget\" data-widget_type=\"heading.default\">\n\t\t\t\t\t<h2 class=\"elementor-heading-title elementor-size-default\">INTRODUCCI\u00d3N<\/h2>\t\t\t\t<\/div>\n\t\t\t\t<div class=\"elementor-element elementor-element-37e2251 elementor-widget__width-initial elementor-widget elementor-widget-heading\" data-id=\"37e2251\" data-element_type=\"widget\" data-e-type=\"widget\" data-widget_type=\"heading.default\">\n\t\t\t\t\t<h2 class=\"elementor-heading-title elementor-size-default\">Centro Comercial, Industrial, de Servicio y AGropecuario de R\u00edo Tercero (\"CeCISA\", \"nosotros\", \"nos\" o \"nuestro\") es una instituci\u00f3n registrada en Argentina que ofrece servicios Nuestros servicios est\u00e1n orientados al empresario local, con el objetivo de dotar de herramientas y beneficios para el desarrollo personal y empresarial. Nos comprometemos a proteger la privacidad y seguridad de su informaci\u00f3n personal. Esta Pol\u00edtica de privacidad explica c\u00f3mo recopilamos, usamos, divulgamos y protegemos su informaci\u00f3n personal cuando visita nuestro sitio web (cecisa.org.ar) o utiliza nuestros servicios.<\/h2>\t\t\t\t<\/div>\n\t\t\t\t<\/div>\n\t\t<div class=\"elementor-element elementor-element-08e313c e-con-full e-flex e-con e-child\" data-id=\"08e313c\" data-element_type=\"container\" data-e-type=\"container\">\n\t\t\t\t<div class=\"elementor-element elementor-element-621ee6b elementor-widget elementor-widget-heading\" data-id=\"621ee6b\" data-element_type=\"widget\" data-e-type=\"widget\" data-widget_type=\"heading.default\">\n\t\t\t\t\t<h2 class=\"elementor-heading-title elementor-size-default\">INFORMACI\u00d3N QUE RECOPILAMOS<\/h2>\t\t\t\t<\/div>\n\t\t\t\t<div class=\"elementor-element elementor-element-2f36268 elementor-widget__width-initial elementor-widget elementor-widget-heading\" data-id=\"2f36268\" data-element_type=\"widget\" data-e-type=\"widget\" data-widget_type=\"heading.default\">\n\t\t\t\t\t<h2 class=\"elementor-heading-title elementor-size-default\">Informaci\u00f3n personal: podemos recopilar la siguiente informaci\u00f3n personal suya: <br>Datos de contacto: nombre, direcci\u00f3n de correo electr\u00f3nico, n\u00famero de tel\u00e9fono, direcci\u00f3n postal.<br>\nInformaci\u00f3n demogr\u00e1fica: edad, sexo, intereses.<br>\nInformaci\u00f3n t\u00e9cnica: direcci\u00f3n IP, tipo de navegador, sistema operativo, informaci\u00f3n del dispositivo, actividad de navegaci\u00f3n en nuestro sitio web.<br>\nInformaci\u00f3n comercial: nombre de la empresa, informaci\u00f3n de contacto, URL del sitio web, industria, presupuesto de marketing, etc. (para clientes y clientes potenciales).<br>\nInformaci\u00f3n no personal: tambi\u00e9n podemos recopilar informaci\u00f3n no personal sobre su uso de nuestro sitio web y nuestros servicios, como: <br>Datos de tr\u00e1fico del sitio web: p\u00e1ginas visitadas, tiempo dedicado a cada p\u00e1gina, enlaces en los que hizo clic.<br>\nDatos anal\u00edticos: informaci\u00f3n del navegador, informaci\u00f3n del dispositivo, sistema operativo, URL de referencia, hora de la visita, etc.<\/h2>\t\t\t\t<\/div>\n\t\t\t\t<\/div>\n\t\t<div class=\"elementor-element elementor-element-094c608 e-con-full e-flex e-con e-child\" data-id=\"094c608\" data-element_type=\"container\" data-e-type=\"container\">\n\t\t\t\t<div class=\"elementor-element elementor-element-6a74f69 elementor-widget elementor-widget-heading\" data-id=\"6a74f69\" data-element_type=\"widget\" data-e-type=\"widget\" data-widget_type=\"heading.default\">\n\t\t\t\t\t<h2 class=\"elementor-heading-title elementor-size-default\">C\u00d3MO UTILIZAMOS SU INFORMACI\u00d3N<\/h2>\t\t\t\t<\/div>\n\t\t\t\t<div class=\"elementor-element elementor-element-c391794 elementor-widget__width-initial elementor-widget elementor-widget-heading\" data-id=\"c391794\" data-element_type=\"widget\" data-e-type=\"widget\" data-widget_type=\"heading.default\">\n\t\t\t\t\t<h2 class=\"elementor-heading-title elementor-size-default\">Utilizamos su informaci\u00f3n personal para los siguientes fines:<br><br>\n\n&gt; Para proporcionar y mejorar nuestro sitio web y nuestros servicios.<br>\n&gt; Para comunicarnos con usted acerca de nuestros productos y servicios, incluido el env\u00edo de boletines informativos, materiales de marketing y otras ofertas promocionales.<br>\n&gt; Para responder a sus consultas y solicitudes.<br>\n&gt; Para personalizar su experiencia en nuestro sitio web.<br>\n&gt; Para analizar el tr\u00e1fico del sitio web y los patrones de uso.<br>\n&gt; Para detectar, prevenir y abordar el fraude, el abuso y las amenazas a la seguridad.<br>\n&gt; Para cumplir con los requisitos legales y reglamentarios.<\/h2>\t\t\t\t<\/div>\n\t\t\t\t<\/div>\n\t\t<div class=\"elementor-element elementor-element-610fcf9 e-con-full e-flex e-con e-child\" data-id=\"610fcf9\" data-element_type=\"container\" data-e-type=\"container\">\n\t\t\t\t<div class=\"elementor-element elementor-element-4041f5c elementor-widget elementor-widget-heading\" data-id=\"4041f5c\" data-element_type=\"widget\" data-e-type=\"widget\" data-widget_type=\"heading.default\">\n\t\t\t\t\t<h2 class=\"elementor-heading-title elementor-size-default\">DIVULGACI\u00d3N DE SU INFORMACI\u00d3N<\/h2>\t\t\t\t<\/div>\n\t\t\t\t<div class=\"elementor-element elementor-element-050f2a4 elementor-widget__width-initial elementor-widget elementor-widget-heading\" data-id=\"050f2a4\" data-element_type=\"widget\" data-e-type=\"widget\" data-widget_type=\"heading.default\">\n\t\t\t\t\t<h2 class=\"elementor-heading-title elementor-size-default\">Podemos divulgar su informaci\u00f3n personal a los siguientes terceros:<br><br>\n\n&gt; Proveedores de servicios: podemos compartir su informaci\u00f3n con proveedores de servicios externos que nos ayudan a operar nuestro sitio web y brindar nuestros servicios, como proveedores de alojamiento de sitios web, proveedores de marketing por correo electr\u00f3nico y proveedores de an\u00e1lisis.<br>\n\n&gt; Cumplimiento de la ley: podemos divulgar su informaci\u00f3n a las agencias de cumplimiento de la ley si as\u00ed lo exige la ley o para proteger nuestros derechos legales.<br>\n\n&gt; Otros terceros: Podemos divulgar su informaci\u00f3n a otros terceros con su consentimiento o seg\u00fan lo permita la ley.<\/h2>\t\t\t\t<\/div>\n\t\t\t\t<\/div>\n\t\t<div class=\"elementor-element elementor-element-609b404 e-con-full e-flex e-con e-child\" data-id=\"609b404\" data-element_type=\"container\" data-e-type=\"container\">\n\t\t\t\t<div class=\"elementor-element elementor-element-c864f95 elementor-widget elementor-widget-heading\" data-id=\"c864f95\" data-element_type=\"widget\" data-e-type=\"widget\" data-widget_type=\"heading.default\">\n\t\t\t\t\t<h2 class=\"elementor-heading-title elementor-size-default\">SUS DERECHOS DE PROTECCI\u00d3N DE DATOS<\/h2>\t\t\t\t<\/div>\n\t\t\t\t<div class=\"elementor-element elementor-element-521279f elementor-widget__width-initial elementor-widget elementor-widget-heading\" data-id=\"521279f\" data-element_type=\"widget\" data-e-type=\"widget\" data-widget_type=\"heading.default\">\n\t\t\t\t\t<h2 class=\"elementor-heading-title elementor-size-default\">Seg\u00fan el Reglamento General de Protecci\u00f3n de Datos (GDPR), usted tiene ciertos derechos con respecto a su informaci\u00f3n personal, incluido el derecho a:<br>\n\n&gt; Acceder a su informaci\u00f3n personal.<br>\n&gt; Corregir informaci\u00f3n personal inexacta.<br>\n&gt; Solicitar la eliminaci\u00f3n de su informaci\u00f3n personal.<br>\n&gt; Restringir el procesamiento de su informaci\u00f3n personal.<br>\n&gt; Oponerse al procesamiento de su informaci\u00f3n personal.<br>\n&gt; Retirar su consentimiento para el procesamiento de su informaci\u00f3n personal.\n<br>\nPara ejercer cualquiera de estos derechos, comun\u00edquese con nosotros a cecisa@cecisa.org.ar<\/h2>\t\t\t\t<\/div>\n\t\t\t\t<\/div>\n\t\t<div class=\"elementor-element elementor-element-6f9fd7e e-con-full e-flex e-con e-child\" data-id=\"6f9fd7e\" data-element_type=\"container\" data-e-type=\"container\">\n\t\t\t\t<div class=\"elementor-element elementor-element-2540b43 elementor-widget elementor-widget-heading\" data-id=\"2540b43\" data-element_type=\"widget\" data-e-type=\"widget\" data-widget_type=\"heading.default\">\n\t\t\t\t\t<h2 class=\"elementor-heading-title elementor-size-default\">RETENCI\u00d3N DE DATOS<\/h2>\t\t\t\t<\/div>\n\t\t\t\t<div class=\"elementor-element elementor-element-8ca1e18 elementor-widget__width-initial elementor-widget elementor-widget-heading\" data-id=\"8ca1e18\" data-element_type=\"widget\" data-e-type=\"widget\" data-widget_type=\"heading.default\">\n\t\t\t\t\t<h2 class=\"elementor-heading-title elementor-size-default\">Retendremos su informaci\u00f3n personal durante el tiempo que sea necesario para cumplir con los fines para los que fue recopilada, incluidos los fines legales, contables u otros fines internos. Luego eliminaremos su informaci\u00f3n personal a menos que la ley nos obligue a conservarla durante per\u00edodos m\u00e1s prolongados.<\/h2>\t\t\t\t<\/div>\n\t\t\t\t<\/div>\n\t\t<div class=\"elementor-element elementor-element-3ecd452 e-con-full e-flex e-con e-child\" data-id=\"3ecd452\" data-element_type=\"container\" data-e-type=\"container\">\n\t\t\t\t<div class=\"elementor-element elementor-element-f85e909 elementor-widget elementor-widget-heading\" data-id=\"f85e909\" data-element_type=\"widget\" data-e-type=\"widget\" data-widget_type=\"heading.default\">\n\t\t\t\t\t<h2 class=\"elementor-heading-title elementor-size-default\">SEGURIDAD<\/h2>\t\t\t\t<\/div>\n\t\t\t\t<div class=\"elementor-element elementor-element-b0f27ee elementor-widget__width-initial elementor-widget elementor-widget-heading\" data-id=\"b0f27ee\" data-element_type=\"widget\" data-e-type=\"widget\" data-widget_type=\"heading.default\">\n\t\t\t\t\t<h2 class=\"elementor-heading-title elementor-size-default\">Tomamos medidas razonables para proteger su informaci\u00f3n personal del acceso, la divulgaci\u00f3n, la alteraci\u00f3n o la destrucci\u00f3n no autorizados. Sin embargo, ninguna transmisi\u00f3n por Internet es completamente segura y no podemos garantizar la seguridad de su informaci\u00f3n.<\/h2>\t\t\t\t<\/div>\n\t\t\t\t<\/div>\n\t\t<div class=\"elementor-element elementor-element-6fdae04 e-con-full e-flex e-con e-child\" data-id=\"6fdae04\" data-element_type=\"container\" data-e-type=\"container\">\n\t\t\t\t<div class=\"elementor-element elementor-element-cfbb442 elementor-widget elementor-widget-heading\" data-id=\"cfbb442\" data-element_type=\"widget\" data-e-type=\"widget\" data-widget_type=\"heading.default\">\n\t\t\t\t\t<h2 class=\"elementor-heading-title elementor-size-default\">COOKIES Y TECNOLOG\u00cdAS DE SEGUIMIENTO<\/h2>\t\t\t\t<\/div>\n\t\t\t\t<div class=\"elementor-element elementor-element-efad589 elementor-widget__width-initial elementor-widget elementor-widget-heading\" data-id=\"efad589\" data-element_type=\"widget\" data-e-type=\"widget\" data-widget_type=\"heading.default\">\n\t\t\t\t\t<h2 class=\"elementor-heading-title elementor-size-default\">Utilizamos cookies y otras tecnolog\u00edas de seguimiento para rastrear la actividad en nuestro sitio web y almacenar cierta informaci\u00f3n. Las cookies son archivos con una peque\u00f1a cantidad de datos que pueden incluir un identificador \u00fanico an\u00f3nimo. Las cookies se env\u00edan a su navegador desde un sitio web y se almacenan en su dispositivo. Puede indicarle a su navegador que rechace todas las cookies o que le indique cu\u00e1ndo se env\u00eda una cookie. Sin embargo, si no acepta las cookies, es posible que no pueda usar algunas partes de nuestro sitio web.<\/h2>\t\t\t\t<\/div>\n\t\t\t\t<\/div>\n\t\t<div class=\"elementor-element elementor-element-db425df e-con-full e-flex e-con e-child\" data-id=\"db425df\" data-element_type=\"container\" data-e-type=\"container\">\n\t\t\t\t<div class=\"elementor-element elementor-element-b7b3630 elementor-widget elementor-widget-heading\" data-id=\"b7b3630\" data-element_type=\"widget\" data-e-type=\"widget\" data-widget_type=\"heading.default\">\n\t\t\t\t\t<h2 class=\"elementor-heading-title elementor-size-default\">ENLACES A OTROS SITIOS WEB<\/h2>\t\t\t\t<\/div>\n\t\t\t\t<div class=\"elementor-element elementor-element-059bad1 elementor-widget__width-initial elementor-widget elementor-widget-heading\" data-id=\"059bad1\" data-element_type=\"widget\" data-e-type=\"widget\" data-widget_type=\"heading.default\">\n\t\t\t\t\t<h2 class=\"elementor-heading-title elementor-size-default\">Nuestro sitio web puede contener enlaces a otros sitios web. No somos responsables de las pr\u00e1cticas de privacidad de otros sitios web y le recomendamos que lea sus pol\u00edticas de privacidad antes de proporcionar cualquier informaci\u00f3n personal.<\/h2>\t\t\t\t<\/div>\n\t\t\t\t<\/div>\n\t\t<div class=\"elementor-element elementor-element-ef521a6 e-con-full e-flex e-con e-child\" data-id=\"ef521a6\" data-element_type=\"container\" data-e-type=\"container\">\n\t\t\t\t<div class=\"elementor-element elementor-element-b38c22b elementor-widget elementor-widget-heading\" data-id=\"b38c22b\" data-element_type=\"widget\" data-e-type=\"widget\" data-widget_type=\"heading.default\">\n\t\t\t\t\t<h2 class=\"elementor-heading-title elementor-size-default\">PRIVACIDAD DE LOS NI\u00d1OS<\/h2>\t\t\t\t<\/div>\n\t\t\t\t<div class=\"elementor-element elementor-element-6f46ce6 elementor-widget__width-initial elementor-widget elementor-widget-heading\" data-id=\"6f46ce6\" data-element_type=\"widget\" data-e-type=\"widget\" data-widget_type=\"heading.default\">\n\t\t\t\t\t<h2 class=\"elementor-heading-title elementor-size-default\">Nuestro sitio web no est\u00e1 destinado a ni\u00f1os menores de 13 a\u00f1os. No recopilamos deliberadamente informaci\u00f3n personal de ni\u00f1os menores de 13 a\u00f1os. Si usted es padre o tutor y sabe que su hijo nos ha proporcionado informaci\u00f3n personal, comun\u00edquese con nosotros a cecisa@cecisa.org.ar\nTomaremos las medidas necesarias para eliminar la informaci\u00f3n personal de su hijo de nuestros sistemas.<\/h2>\t\t\t\t<\/div>\n\t\t\t\t<\/div>\n\t\t<div class=\"elementor-element elementor-element-3c3149c e-con-full e-flex e-con e-child\" data-id=\"3c3149c\" data-element_type=\"container\" data-e-type=\"container\">\n\t\t\t\t<div class=\"elementor-element elementor-element-4edb503 elementor-widget elementor-widget-heading\" data-id=\"4edb503\" data-element_type=\"widget\" data-e-type=\"widget\" data-widget_type=\"heading.default\">\n\t\t\t\t\t<h2 class=\"elementor-heading-title elementor-size-default\">CAMBIOS EN ESTA POL\u00cdTICA DE PRIVACIDAD<\/h2>\t\t\t\t<\/div>\n\t\t\t\t<div class=\"elementor-element elementor-element-1f8918d elementor-widget__width-initial elementor-widget elementor-widget-heading\" data-id=\"1f8918d\" data-element_type=\"widget\" data-e-type=\"widget\" data-widget_type=\"heading.default\">\n\t\t\t\t\t<h2 class=\"elementor-heading-title elementor-size-default\">Podemos actualizar esta Pol\u00edtica de privacidad de vez en cuando. Le notificaremos sobre cualquier cambio publicando la nueva Pol\u00edtica de privacidad en nuestro sitio web. Se recomienda revisar esta Pol\u00edtica de privacidad peri\u00f3dicamente para conocer los cambios.<\/h2>\t\t\t\t<\/div>\n\t\t\t\t<\/div>\n\t\t\t\t<\/div>\n\t\t\t\t\t<\/div>\n\t\t\t\t<\/div>\n\t\t\t\t<\/div>\n\t\t\t\t<\/div>\n\t\t","protected":false},"excerpt":{"rendered":"<p>POL\u00cdTICA DE PRIVACIDAD CENTRO COMERCIAL, INDUSTRIAL, DE SERVICIO Y AGROPECUARIO INTRODUCCI\u00d3N Centro Comercial, Industrial, de Servicio y AGropecuario de R\u00edo Tercero (&#8220;CeCISA&#8221;, &#8220;nosotros&#8221;, &#8220;nos&#8221; o &#8220;nuestro&#8221;) es una instituci\u00f3n registrada en Argentina que ofrece servicios Nuestros servicios est\u00e1n orientados al empresario local, con el objetivo de dotar de herramientas y beneficios para el desarrollo personal [&hellip;]<\/p>\n","protected":false},"author":1,"featured_media":0,"parent":0,"menu_order":0,"comment_status":"closed","ping_status":"closed","template":"","meta":{"footnotes":""},"class_list":["post-868","page","type-page","status-publish","hentry"],"_links":{"self":[{"href":"https:\/\/cecisa.org.ar\/index.php\/wp-json\/wp\/v2\/pages\/868","targetHints":{"allow":["GET"]}}],"collection":[{"href":"https:\/\/cecisa.org.ar\/index.php\/wp-json\/wp\/v2\/pages"}],"about":[{"href":"https:\/\/cecisa.org.ar\/index.php\/wp-json\/wp\/v2\/types\/page"}],"author":[{"embeddable":true,"href":"https:\/\/cecisa.org.ar\/index.php\/wp-json\/wp\/v2\/users\/1"}],"replies":[{"embeddable":true,"href":"https:\/\/cecisa.org.ar\/index.php\/wp-json\/wp\/v2\/comments?post=868"}],"version-history":[{"count":0,"href":"https:\/\/cecisa.org.ar\/index.php\/wp-json\/wp\/v2\/pages\/868\/revisions"}],"wp:attachment":[{"href":"https:\/\/cecisa.org.ar\/index.php\/wp-json\/wp\/v2\/media?parent=868"}],"curies":[{"name":"wp","href":"https:\/\/api.w.org\/{rel}","templated":true}]}}