{"id":854,"date":"2024-12-09T14:20:33","date_gmt":"2024-12-09T14:20:33","guid":{"rendered":"https:\/\/cecisa.org.ar\/?page_id=854"},"modified":"2024-12-09T14:35:51","modified_gmt":"2024-12-09T14:35:51","slug":"terminos-de-uso","status":"publish","type":"page","link":"https:\/\/cecisa.org.ar\/index.php\/terminos-de-uso\/","title":{"rendered":"T\u00e9rminos de Uso"},"content":{"rendered":"\t\t<div data-elementor-type=\"wp-page\" data-elementor-id=\"854\" class=\"elementor elementor-854\" data-elementor-post-type=\"page\">\n\t\t\t\t<div class=\"elementor-element elementor-element-d73e472 e-con-full e-flex e-con e-parent\" data-id=\"d73e472\" data-element_type=\"container\" data-e-type=\"container\" data-settings=\"{&quot;background_background&quot;:&quot;classic&quot;}\">\n\t\t<div class=\"elementor-element elementor-element-be90560 e-flex e-con-boxed e-con e-child\" data-id=\"be90560\" data-element_type=\"container\" data-e-type=\"container\">\n\t\t\t\t\t<div class=\"e-con-inner\">\n\t\t<div class=\"elementor-element elementor-element-2216769 e-con-full e-flex e-con e-child\" data-id=\"2216769\" data-element_type=\"container\" data-e-type=\"container\">\n\t\t\t\t<div class=\"elementor-element elementor-element-00dfef3 elementor-widget elementor-widget-image\" data-id=\"00dfef3\" data-element_type=\"widget\" data-e-type=\"widget\" data-widget_type=\"image.default\">\n\t\t\t\t\t\t\t\t\t\t\t\t\t\t\t<img decoding=\"async\" width=\"12\" height=\"58\" src=\"https:\/\/cecisa.org.ar\/wp-content\/uploads\/2024\/11\/DIVIDER.png\" class=\"attachment-large size-large wp-image-82\" alt=\"\" \/>\t\t\t\t\t\t\t\t\t\t\t\t\t\t\t<\/div>\n\t\t\t\t<div class=\"elementor-element elementor-element-86fcd54 elementor-widget__width-initial elementor-widget elementor-widget-heading\" data-id=\"86fcd54\" data-element_type=\"widget\" data-e-type=\"widget\" data-widget_type=\"heading.default\">\n\t\t\t\t\t<h2 class=\"elementor-heading-title elementor-size-default\">T\u00c9RMINOS DE USO<\/h2>\t\t\t\t<\/div>\n\t\t\t\t<div class=\"elementor-element elementor-element-d169836 elementor-widget__width-initial elementor-widget elementor-widget-heading\" data-id=\"d169836\" data-element_type=\"widget\" data-e-type=\"widget\" data-widget_type=\"heading.default\">\n\t\t\t\t\t<h2 class=\"elementor-heading-title elementor-size-default\">CENTRO COMERCIAL, INDUSTRIAL, DE SERVICIO Y AGROPECUARIO<\/h2>\t\t\t\t<\/div>\n\t\t\t\t<\/div>\n\t\t<div class=\"elementor-element elementor-element-9d1c7a0 e-con-full e-flex e-con e-child\" data-id=\"9d1c7a0\" data-element_type=\"container\" data-e-type=\"container\">\n\t\t<div class=\"elementor-element elementor-element-72ffd9b e-con-full e-flex e-con e-child\" data-id=\"72ffd9b\" data-element_type=\"container\" data-e-type=\"container\">\n\t\t\t\t<div class=\"elementor-element elementor-element-92ca86f elementor-widget elementor-widget-heading\" data-id=\"92ca86f\" data-element_type=\"widget\" data-e-type=\"widget\" data-widget_type=\"heading.default\">\n\t\t\t\t\t<h2 class=\"elementor-heading-title elementor-size-default\">1. ACEPTACI\u00d3N DE LOS T\u00c9RMINOS<\/h2>\t\t\t\t<\/div>\n\t\t\t\t<div class=\"elementor-element elementor-element-4afe2d5 elementor-widget__width-initial elementor-widget elementor-widget-heading\" data-id=\"4afe2d5\" data-element_type=\"widget\" data-e-type=\"widget\" data-widget_type=\"heading.default\">\n\t\t\t\t\t<h2 class=\"elementor-heading-title elementor-size-default\">Al acceder o utilizar cecisa.org.ar, propiedad y operado por Centro Comercial, Industrial, de Servicios y Agropecuario de R\u00edo Tercero , usted acepta cumplir y estar sujeto a estos T\u00e9rminos de uso. Si no est\u00e1 de acuerdo con alguna parte de estos t\u00e9rminos, no debe utilizar nuestro sitio web.<\/h2>\t\t\t\t<\/div>\n\t\t\t\t<\/div>\n\t\t<div class=\"elementor-element elementor-element-7f49fb4 e-con-full e-flex e-con e-child\" data-id=\"7f49fb4\" data-element_type=\"container\" data-e-type=\"container\">\n\t\t\t\t<div class=\"elementor-element elementor-element-631f7aa elementor-widget elementor-widget-heading\" data-id=\"631f7aa\" data-element_type=\"widget\" data-e-type=\"widget\" data-widget_type=\"heading.default\">\n\t\t\t\t\t<h2 class=\"elementor-heading-title elementor-size-default\">2. INFORMACI\u00d3N LEGAL<\/h2>\t\t\t\t<\/div>\n\t\t\t\t<div class=\"elementor-element elementor-element-16079e1 elementor-widget__width-initial elementor-widget elementor-widget-heading\" data-id=\"16079e1\" data-element_type=\"widget\" data-e-type=\"widget\" data-widget_type=\"heading.default\">\n\t\t\t\t\t<h2 class=\"elementor-heading-title elementor-size-default\">Centro Comercial, Industrial, de Servicios y Agropecuario de R\u00edo Tercero es una Instituci\u00f3n registrada en Argentina, con domicilio fiscal en Velez S\u00e1rsfield 18, R\u00edo Tercero, C\u00f3rdoba, Argentina. Puede comunicarse con nosotros por tel\u00e9fono al +54-3571-326562 o enviarnos un correo electr\u00f3nico a cecisa@cecisa.org.ar para cualquier consulta relacionada con estos T\u00e9rminos de uso.<\/h2>\t\t\t\t<\/div>\n\t\t\t\t<\/div>\n\t\t<div class=\"elementor-element elementor-element-54aa064 e-con-full e-flex e-con e-child\" data-id=\"54aa064\" data-element_type=\"container\" data-e-type=\"container\">\n\t\t\t\t<div class=\"elementor-element elementor-element-f148b56 elementor-widget elementor-widget-heading\" data-id=\"f148b56\" data-element_type=\"widget\" data-e-type=\"widget\" data-widget_type=\"heading.default\">\n\t\t\t\t\t<h2 class=\"elementor-heading-title elementor-size-default\">3. USO DEL SITIO WEB<\/h2>\t\t\t\t<\/div>\n\t\t\t\t<div class=\"elementor-element elementor-element-36b7192 elementor-widget__width-initial elementor-widget elementor-widget-heading\" data-id=\"36b7192\" data-element_type=\"widget\" data-e-type=\"widget\" data-widget_type=\"heading.default\">\n\t\t\t\t\t<h2 class=\"elementor-heading-title elementor-size-default\">Se le otorga una licencia limitada, no exclusiva, intransferible y revocable para acceder y utilizar cecisa.org.ar estrictamente de acuerdo con estos T\u00e9rminos de uso. Usted acepta utilizar el sitio web solo para fines legales y de una manera que no infrinja los derechos de uso, ni restrinja o inhiba el uso y disfrute de este sitio por parte de terceros.<\/h2>\t\t\t\t<\/div>\n\t\t\t\t<\/div>\n\t\t<div class=\"elementor-element elementor-element-b710f4e e-con-full e-flex e-con e-child\" data-id=\"b710f4e\" data-element_type=\"container\" data-e-type=\"container\">\n\t\t\t\t<div class=\"elementor-element elementor-element-b104be6 elementor-widget elementor-widget-heading\" data-id=\"b104be6\" data-element_type=\"widget\" data-e-type=\"widget\" data-widget_type=\"heading.default\">\n\t\t\t\t\t<h2 class=\"elementor-heading-title elementor-size-default\">4. DERECHOS DE LA PROPIEDAD INTELECTUAL<\/h2>\t\t\t\t<\/div>\n\t\t\t\t<div class=\"elementor-element elementor-element-e9a11fd elementor-widget__width-initial elementor-widget elementor-widget-heading\" data-id=\"e9a11fd\" data-element_type=\"widget\" data-e-type=\"widget\" data-widget_type=\"heading.default\">\n\t\t\t\t\t<h2 class=\"elementor-heading-title elementor-size-default\">Todo el contenido de cecisa.org.ar, incluidos, entre otros, textos, gr\u00e1ficos, logotipos, im\u00e1genes y software, es propiedad del Centro Comercial, Industrial, de Servicios y Agropecuario de R\u00edo Tercero o de sus proveedores de contenido y est\u00e1 protegido por las leyes de propiedad intelectual, marcas comerciales y derechos de autor de Argentina e internacionales. El uso, la reproducci\u00f3n o la distribuci\u00f3n no autorizados del contenido de este sitio web est\u00e1n estrictamente prohibidos. Puede descargar o imprimir una copia de p\u00e1ginas individuales para uso personal y no comercial, siempre que no modifique el material ni elimine ning\u00fan aviso de derechos de autor o marca registrada.<\/h2>\t\t\t\t<\/div>\n\t\t\t\t<\/div>\n\t\t<div class=\"elementor-element elementor-element-a754f06 e-con-full e-flex e-con e-child\" data-id=\"a754f06\" data-element_type=\"container\" data-e-type=\"container\">\n\t\t\t\t<div class=\"elementor-element elementor-element-907b63f elementor-widget elementor-widget-heading\" data-id=\"907b63f\" data-element_type=\"widget\" data-e-type=\"widget\" data-widget_type=\"heading.default\">\n\t\t\t\t\t<h2 class=\"elementor-heading-title elementor-size-default\">5. CONTENIDO DEL USUARIO<\/h2>\t\t\t\t<\/div>\n\t\t\t\t<div class=\"elementor-element elementor-element-31f4d00 elementor-widget__width-initial elementor-widget elementor-widget-heading\" data-id=\"31f4d00\" data-element_type=\"widget\" data-e-type=\"widget\" data-widget_type=\"heading.default\">\n\t\t\t\t\t<h2 class=\"elementor-heading-title elementor-size-default\">Al enviar contenido a cecisa.org.ar, como comentarios, consultas u otras contribuciones, otorga al Centro Comercial, Industrial, de Servicios y Agropecuario de R\u00edo Tercero una licencia no exclusiva, libre de regal\u00edas, perpetua y mundial para usar, reproducir, modificar, adaptar, publicar, traducir, distribuir y mostrar dicho contenido. Garantiza que cualquier contenido que env\u00ede no viola ning\u00fan derecho de terceros y no es ilegal, obsceno, amenazante ni de otro modo objetable. Usted es el \u00fanico responsable del contenido que env\u00eda.<\/h2>\t\t\t\t<\/div>\n\t\t\t\t<\/div>\n\t\t<div class=\"elementor-element elementor-element-5398b09 e-con-full e-flex e-con e-child\" data-id=\"5398b09\" data-element_type=\"container\" data-e-type=\"container\">\n\t\t\t\t<div class=\"elementor-element elementor-element-f6a91b1 elementor-widget elementor-widget-heading\" data-id=\"f6a91b1\" data-element_type=\"widget\" data-e-type=\"widget\" data-widget_type=\"heading.default\">\n\t\t\t\t\t<h2 class=\"elementor-heading-title elementor-size-default\">6. POL\u00cdTICA DE PRIVACIDAD<\/h2>\t\t\t\t<\/div>\n\t\t\t\t<div class=\"elementor-element elementor-element-e0c6ea8 elementor-widget__width-initial elementor-widget elementor-widget-heading\" data-id=\"e0c6ea8\" data-element_type=\"widget\" data-e-type=\"widget\" data-widget_type=\"heading.default\">\n\t\t\t\t\t<h2 class=\"elementor-heading-title elementor-size-default\">Su uso de cecisa.org.ar se rige por nuestra Pol\u00edtica de privacidad, que se incorpora por referencia a estos T\u00e9rminos de uso. Nuestra Pol\u00edtica de privacidad proporciona detalles sobre c\u00f3mo recopilamos, usamos y protegemos sus datos personales. Al utilizar nuestro sitio web, usted acepta el procesamiento de sus datos personales como se describe en nuestra Pol\u00edtica de privacidad.<\/h2>\t\t\t\t<\/div>\n\t\t\t\t<\/div>\n\t\t<div class=\"elementor-element elementor-element-8cd8da4 e-con-full e-flex e-con e-child\" data-id=\"8cd8da4\" data-element_type=\"container\" data-e-type=\"container\">\n\t\t\t\t<div class=\"elementor-element elementor-element-8387d68 elementor-widget elementor-widget-heading\" data-id=\"8387d68\" data-element_type=\"widget\" data-e-type=\"widget\" data-widget_type=\"heading.default\">\n\t\t\t\t\t<h2 class=\"elementor-heading-title elementor-size-default\">7. EXENCI\u00d3N DE GARANT\u00cdAS<\/h2>\t\t\t\t<\/div>\n\t\t\t\t<div class=\"elementor-element elementor-element-e17029d elementor-widget__width-initial elementor-widget elementor-widget-heading\" data-id=\"e17029d\" data-element_type=\"widget\" data-e-type=\"widget\" data-widget_type=\"heading.default\">\n\t\t\t\t\t<h2 class=\"elementor-heading-title elementor-size-default\">cecisa.org.ar se ofrece \"tal como est\u00e1\" y \"seg\u00fan disponibilidad\". El Centro Comercial, Industrial, de Servicios y Agropecuario de R\u00edo Tercero no realiza declaraciones ni ofrece garant\u00edas de ning\u00fan tipo, expresas o impl\u00edcitas, en cuanto al funcionamiento del sitio web o la informaci\u00f3n, el contenido, los materiales o los productos incluidos en el sitio. En la medida m\u00e1xima permitida por la ley aplicable, Centro Comercial, Industrial, de Servicios y Agropecuario de R\u00edo Tercero renuncia a todas las garant\u00edas, expresas o impl\u00edcitas, incluidas, entre otras, las garant\u00edas impl\u00edcitas de comerciabilidad y de idoneidad para un fin determinado.<\/h2>\t\t\t\t<\/div>\n\t\t\t\t<\/div>\n\t\t<div class=\"elementor-element elementor-element-92ffe5f e-con-full e-flex e-con e-child\" data-id=\"92ffe5f\" data-element_type=\"container\" data-e-type=\"container\">\n\t\t\t\t<div class=\"elementor-element elementor-element-2fb4c66 elementor-widget elementor-widget-heading\" data-id=\"2fb4c66\" data-element_type=\"widget\" data-e-type=\"widget\" data-widget_type=\"heading.default\">\n\t\t\t\t\t<h2 class=\"elementor-heading-title elementor-size-default\">8. LIMITACI\u00d3N DE RESPONSABILIDAD<\/h2>\t\t\t\t<\/div>\n\t\t\t\t<div class=\"elementor-element elementor-element-06223f7 elementor-widget__width-initial elementor-widget elementor-widget-heading\" data-id=\"06223f7\" data-element_type=\"widget\" data-e-type=\"widget\" data-widget_type=\"heading.default\">\n\t\t\t\t\t<h2 class=\"elementor-heading-title elementor-size-default\">En la medida m\u00e1xima permitida por la ley, l Centro Comercial, Industrial, de Servicios y Agropecuario de R\u00edo Tercero no ser\u00e1 responsable de ning\u00fan da\u00f1o de ning\u00fan tipo que surja del uso de este sitio, incluidos, entre otros, los da\u00f1os directos, indirectos, incidentales, punitivos y consecuentes. Esta limitaci\u00f3n de responsabilidad se aplica a todas las reclamaciones, ya sea que se basen en garant\u00eda, contrato, agravio o cualquier otra teor\u00eda legal, incluso si l Centro Comercial, Industrial, de Servicios y Agropecuario de R\u00edo Tercero ha sido advertida de la posibilidad de tales da\u00f1os.<\/h2>\t\t\t\t<\/div>\n\t\t\t\t<\/div>\n\t\t<div class=\"elementor-element elementor-element-94d9c5b e-con-full e-flex e-con e-child\" data-id=\"94d9c5b\" data-element_type=\"container\" data-e-type=\"container\">\n\t\t\t\t<div class=\"elementor-element elementor-element-c1060c3 elementor-widget elementor-widget-heading\" data-id=\"c1060c3\" data-element_type=\"widget\" data-e-type=\"widget\" data-widget_type=\"heading.default\">\n\t\t\t\t\t<h2 class=\"elementor-heading-title elementor-size-default\">9. ENLACES DE TERCEROS<\/h2>\t\t\t\t<\/div>\n\t\t\t\t<div class=\"elementor-element elementor-element-03a18ca elementor-widget__width-initial elementor-widget elementor-widget-heading\" data-id=\"03a18ca\" data-element_type=\"widget\" data-e-type=\"widget\" data-widget_type=\"heading.default\">\n\t\t\t\t\t<h2 class=\"elementor-heading-title elementor-size-default\">cecisa.org.ar puede contener enlaces a sitios web de terceros que no est\u00e1n controlados ni operados por el Centro Comercial, Industrial, de Servicios y Agropecuario de R\u00edo Tercero. Estos enlaces se proporcionan \u00fanicamente para su conveniencia y no respaldamos ni asumimos ninguna responsabilidad por el contenido, las pol\u00edticas de privacidad o las pr\u00e1cticas de ning\u00fan sitio web de terceros. Usted accede a cualquier sitio web de terceros bajo su propio riesgo.<\/h2>\t\t\t\t<\/div>\n\t\t\t\t<\/div>\n\t\t<div class=\"elementor-element elementor-element-4b76dea e-con-full e-flex e-con e-child\" data-id=\"4b76dea\" data-element_type=\"container\" data-e-type=\"container\">\n\t\t\t\t<div class=\"elementor-element elementor-element-2e5574f elementor-widget elementor-widget-heading\" data-id=\"2e5574f\" data-element_type=\"widget\" data-e-type=\"widget\" data-widget_type=\"heading.default\">\n\t\t\t\t\t<h2 class=\"elementor-heading-title elementor-size-default\">10. MODIFICACIONES DE LOS T\u00c9RMINOS<\/h2>\t\t\t\t<\/div>\n\t\t\t\t<div class=\"elementor-element elementor-element-6d475a1 elementor-widget__width-initial elementor-widget elementor-widget-heading\" data-id=\"6d475a1\" data-element_type=\"widget\" data-e-type=\"widget\" data-widget_type=\"heading.default\">\n\t\t\t\t\t<h2 class=\"elementor-heading-title elementor-size-default\">El Centro Comercial, Industrial, de Servicios y Agropecuario de R\u00edo Tercero se reserva el derecho de modificar estos T\u00e9rminos de uso en cualquier momento. Cualquier cambio entrar\u00e1 en vigencia inmediatamente despu\u00e9s de su publicaci\u00f3n en cecisa.org.ar. Su uso continuo del sitio web despu\u00e9s de la publicaci\u00f3n de los cambios constituye su aceptaci\u00f3n de dichos cambios. Le recomendamos que revise estos T\u00e9rminos de uso peri\u00f3dicamente para mantenerse informado sobre nuestras pr\u00e1cticas.<\/h2>\t\t\t\t<\/div>\n\t\t\t\t<\/div>\n\t\t<div class=\"elementor-element elementor-element-e683df0 e-con-full e-flex e-con e-child\" data-id=\"e683df0\" data-element_type=\"container\" data-e-type=\"container\">\n\t\t\t\t<div class=\"elementor-element elementor-element-0f0b15c elementor-widget elementor-widget-heading\" data-id=\"0f0b15c\" data-element_type=\"widget\" data-e-type=\"widget\" data-widget_type=\"heading.default\">\n\t\t\t\t\t<h2 class=\"elementor-heading-title elementor-size-default\">11. TERMINACI\u00d3N<\/h2>\t\t\t\t<\/div>\n\t\t\t\t<div class=\"elementor-element elementor-element-d7de967 elementor-widget__width-initial elementor-widget elementor-widget-heading\" data-id=\"d7de967\" data-element_type=\"widget\" data-e-type=\"widget\" data-widget_type=\"heading.default\">\n\t\t\t\t\t<h2 class=\"elementor-heading-title elementor-size-default\">El Centro Comercial, Industrial, de Servicios y Agropecuario de R\u00edo Tercero se reserva el derecho de terminar o suspender su acceso a cecisa.org.ar, sin previo aviso, por conducta que consideremos que viola estos T\u00e9rminos de uso o es perjudicial para otros usuarios del sitio, nosotros o terceros, o por cualquier otro motivo a nuestro exclusivo criterio.<\/h2>\t\t\t\t<\/div>\n\t\t\t\t<\/div>\n\t\t<div class=\"elementor-element elementor-element-e518f58 e-con-full e-flex e-con e-child\" data-id=\"e518f58\" data-element_type=\"container\" data-e-type=\"container\">\n\t\t\t\t<div class=\"elementor-element elementor-element-dcd7f39 elementor-widget elementor-widget-heading\" data-id=\"dcd7f39\" data-element_type=\"widget\" data-e-type=\"widget\" data-widget_type=\"heading.default\">\n\t\t\t\t\t<h2 class=\"elementor-heading-title elementor-size-default\">12. LEY APLICABLE Y JURIDISCCI\u00d3N<\/h2>\t\t\t\t<\/div>\n\t\t\t\t<div class=\"elementor-element elementor-element-0d6e9f8 elementor-widget__width-initial elementor-widget elementor-widget-heading\" data-id=\"0d6e9f8\" data-element_type=\"widget\" data-e-type=\"widget\" data-widget_type=\"heading.default\">\n\t\t\t\t\t<h2 class=\"elementor-heading-title elementor-size-default\">Estos T\u00e9rminos de uso se rigen por las leyes de Argentina y se interpretan de conformidad con ellas. Cualquier disputa que surja en relaci\u00f3n con estos t\u00e9rminos estar\u00e1 sujeta a la jurisdicci\u00f3n exclusiva de los tribunales de Argentina.<\/h2>\t\t\t\t<\/div>\n\t\t\t\t<\/div>\n\t\t<div class=\"elementor-element elementor-element-5118561 e-con-full e-flex e-con e-child\" data-id=\"5118561\" data-element_type=\"container\" data-e-type=\"container\">\n\t\t\t\t<div class=\"elementor-element elementor-element-5ecfd4b elementor-widget elementor-widget-heading\" data-id=\"5ecfd4b\" data-element_type=\"widget\" data-e-type=\"widget\" data-widget_type=\"heading.default\">\n\t\t\t\t\t<h2 class=\"elementor-heading-title elementor-size-default\">13. INFORMACI\u00d3N DE CONTACTO<\/h2>\t\t\t\t<\/div>\n\t\t\t\t<div class=\"elementor-element elementor-element-09250c0 elementor-widget__width-initial elementor-widget elementor-widget-heading\" data-id=\"09250c0\" data-element_type=\"widget\" data-e-type=\"widget\" data-widget_type=\"heading.default\">\n\t\t\t\t\t<h2 class=\"elementor-heading-title elementor-size-default\">Si tiene alguna pregunta o inquietud sobre estos T\u00e9rminos de uso, o si necesita comunicarse con nosotros por cualquier motivo, h\u00e1galo utilizando los siguientes datos de contacto:<br>\nCorreo: cecisa@cecisa.org.ar<br>\nTel\u00e9fono: +54-3571-326562<\/h2>\t\t\t\t<\/div>\n\t\t\t\t<\/div>\n\t\t\t\t<\/div>\n\t\t\t\t\t<\/div>\n\t\t\t\t<\/div>\n\t\t\t\t<\/div>\n\t\t\t\t<\/div>\n\t\t","protected":false},"excerpt":{"rendered":"<p>T\u00c9RMINOS DE USO CENTRO COMERCIAL, INDUSTRIAL, DE SERVICIO Y AGROPECUARIO 1. ACEPTACI\u00d3N DE LOS T\u00c9RMINOS Al acceder o utilizar cecisa.org.ar, propiedad y operado por Centro Comercial, Industrial, de Servicios y Agropecuario de R\u00edo Tercero , usted acepta cumplir y estar sujeto a estos T\u00e9rminos de uso. Si no est\u00e1 de acuerdo con alguna parte de [&hellip;]<\/p>\n","protected":false},"author":1,"featured_media":0,"parent":0,"menu_order":0,"comment_status":"closed","ping_status":"closed","template":"","meta":{"footnotes":""},"class_list":["post-854","page","type-page","status-publish","hentry"],"_links":{"self":[{"href":"https:\/\/cecisa.org.ar\/index.php\/wp-json\/wp\/v2\/pages\/854","targetHints":{"allow":["GET"]}}],"collection":[{"href":"https:\/\/cecisa.org.ar\/index.php\/wp-json\/wp\/v2\/pages"}],"about":[{"href":"https:\/\/cecisa.org.ar\/index.php\/wp-json\/wp\/v2\/types\/page"}],"author":[{"embeddable":true,"href":"https:\/\/cecisa.org.ar\/index.php\/wp-json\/wp\/v2\/users\/1"}],"replies":[{"embeddable":true,"href":"https:\/\/cecisa.org.ar\/index.php\/wp-json\/wp\/v2\/comments?post=854"}],"version-history":[{"count":0,"href":"https:\/\/cecisa.org.ar\/index.php\/wp-json\/wp\/v2\/pages\/854\/revisions"}],"wp:attachment":[{"href":"https:\/\/cecisa.org.ar\/index.php\/wp-json\/wp\/v2\/media?parent=854"}],"curies":[{"name":"wp","href":"https:\/\/api.w.org\/{rel}","templated":true}]}}